{"id":13291,"date":"2017-04-26T07:21:28","date_gmt":"2017-04-26T07:21:28","guid":{"rendered":"http:\/\/selfdiagnostics.com\/privacy-policy\/"},"modified":"2021-03-16T10:39:38","modified_gmt":"2021-03-16T10:39:38","slug":"privacy-policy","status":"publish","type":"page","link":"https:\/\/selfdiagnostics.com\/de\/privacy-policy\/","title":{"rendered":"Privacy Policy"},"content":{"rendered":"<h1><strong>Datenschutzerkl\u00e4rung<\/strong><\/h1>\n<p>Unser Unternehmen nimmt den Schutz Ihrer personenbezogenen Daten sehr ernst. Wir m\u00f6chten, dass Sie wissen, wann wir welche Daten speichern und wie wir sie verwenden. Bei der Be- und Verarbeitung personenbezogener Daten richten wir uns nach den Vorgaben der EU-Datenschutz-Grundverordnung (DSGVO) und des Bundesdatenschutzgesetzes (BDSG).<\/p>\n<h2><strong>Verantwortlicher und Datenschutzbeauftragter<\/strong><\/h2>\n<p>Verantwortlicher f\u00fcr die Verarbeitung von personenbezogenen Daten aus unseren Gesch\u00e4ftskontakten ist:<\/p>\n<p>SelfDiagnostics Deutschland GmbH, Deutscher Platz 5d, 04103, Leipzig.<\/p>\n<p>Sie erreichen unseren Datenschutzbeauftragten unter der obigen Adresse bzw. unter der E-Mail-Adresse<\/p>\n<p>dataprotection@selfdiagnostics.com.<\/p>\n<p>Datenerhebung und -verarbeitung<\/p>\n<p>Bitte beachten Sie, dass unsere in dieser Erkl\u00e4rung dargelegten Datenschutzpraktiken nur f\u00fcr SelfDiagnostics Deutschland und diese Website gelten. Wenn Sie auf andere Websites verweisen, lesen Sie bitte die dort ver\u00f6ffentlichten Datenschutzrichtlinien.<\/p>\n<p>Personenbezogene Daten (wie Namen, Postanschrift, E-Mail-Adressen usw.) werden nur erhoben, wenn Sie uns diese freiwillig, z.B. durch eine Anfrage \u00fcber ein Webformular mitteilen oder uns aktiv eine E-Mail senden. Diese Daten werden nur f\u00fcr den angefragten Zweck oder ggf. zur Abwicklung mit Ihnen abgeschlossener Vertr\u00e4ge verwendet. Die personenbezogenen Daten werden zu Ihrer technischen Unterst\u00fctzung, zur internen Markt- und Verkaufsanalysen, Ihr Browser-Erlebnis durch die Personalisierung der Website zu verbessern, zur Verbesserung unseres Service und unserer Produkte sowie zur Vertretung unserer rechtlichen Anspr\u00fcche verarbeitet. Wir k\u00f6nnen Informationen an Regierungsbeh\u00f6rden oder andere Unternehmen weitergeben, die uns bei der Betrugsbek\u00e4mpfung oder -ermittlung unterst\u00fctzen. Wir k\u00f6nnen dies tun, wenn: (1) erlaubt oder gesetzlich vorgeschrieben; oder (2) der Versuch, sich vor tats\u00e4chlichem oder potenziellem Betrug oder nicht autorisierten Transaktionen zu sch\u00fctzen oder diese zu verhindern; oder (3) die Untersuchung von bereits stattgefundenem Betrug. Die Informationen werden diesen Unternehmen nicht zu Marketingzwecken zur Verf\u00fcgung gestellt. Eine Weitergabe Ihrer Daten an andere Dritte erfolgt in anonymisierter Form (z.B. bei technischen Anfragen an die Hersteller unserer Distributionsprodukte) oder an Dritte, die einen angemessenen Datenschutz implementiert haben.<\/p>\n<p>Die Angabe von personenbezogenen Daten ist f\u00fcr die Nutzung der Webseite grunds\u00e4tzlich nicht notwendig. Auf der Webseite werden lediglich Zugriffsdaten ohne Bezug auf Personen wie z.B. der Name der abgerufenen Datei, Datum und Uhrzeit, die \u00fcbertragene Datenmenge, der Browsertyp, das Betriebssystem des Nutzers, die Referrer-URL (die zuvor besuchte Seite, von der Sie auf unsere Webseite kommen) sowie die IP-Adresse gespeichert. Diese Daten erlauben uns keine R\u00fcckschl\u00fcsse auf Ihre Person und werden ausschlie\u00dflich zur Optimierung unserer Internetpr\u00e4sentation verwendet.<\/p>\n<h2><strong>Datensicherheit<\/strong><\/h2>\n<p>Die SelfDiagnostics Deutschland GmbH hat technische und organisatorische Vorkehrungen getroffen, um Ihre pers\u00f6nlichen Daten vor unberechtigtem Zugriff und Missbrauch zu sch\u00fctzen. Die Sicherheitsma\u00dfnahmen werden im Rahmen der fortschreitenden technologischen Entwicklung regelm\u00e4\u00dfig angepasst. Bitte achten Sie bei der Daten\u00fcbertragung im Internet darauf, dass auf Grund der M\u00f6glichkeit der Manipulation durch Dritte, die Vertraulichkeit der \u00fcbermittelten Informationen nicht im vollen Umfang gew\u00e4hrleistet werden kann (z.B. bei der \u00dcbertragung von Inhalten per E-Mail).<\/p>\n<h2><strong>Auskunftsrecht<\/strong><\/h2>\n<p><strong>Die Rechte Betroffener<\/strong><\/p>\n<p>Gem\u00e4\u00df Art 15 ff DSGVO haben Betroffene das Recht auf Auskunft, Berichtigung, L\u00f6schung, Einschr\u00e4nkung und Widerspruch gegen die Be- und Verarbeitung Ihrer Daten.<\/p>\n<p>Soweit wir eine Einwilligung zur Verarbeitung von personenbezogenen Daten f\u00fcr bestimmte Zwecke (z.B. technische Unterst\u00fctzung) eingeholt haben, ist die Verarbeitung auf dieser Basis rechtm\u00e4\u00dfig (Art. 6 (1a) DSGVO). Eine erteilte Einwilligung kann jederzeit widerrufen werden. Die Rechtm\u00e4\u00dfigkeit, der aufgrund der Einwilligung bis zum Widerruf erfolgten Verarbeitung wird dabei nicht ber\u00fchrt.<\/p>\n<p>Ein Widerruf hat jedoch in der Regel zur Folge, dass der Zweck, f\u00fcr den die Daten erhoben wurden, nicht erf\u00fcllt werden kann. F\u00fcr die Wahrnehmung der Rechte ist die Schriftform erforderlich. Kontaktieren Sie uns dazu bitte per E-Mail unter dataprotection@selfdiagnostics.com.<\/p>\n<h2><strong>L\u00f6schung von personenbezogenen Daten<\/strong><\/h2>\n<p>Personenbezogene Daten werden vom produktiven System gel\u00f6scht, wenn der Zweck f\u00fcr die Speicherung entf\u00e4llt und keine Rechtsnorm (z.B. zur gesetzlichen Aufbewahrungsfrist) die Beibehaltung der Daten vorschreibt. Es gelten die Vorgaben des Art. 17 DSGVO in Verbindung mit \u00a7 35 BDSG. Sofern die L\u00f6schung durch gesetzliche, vertragliche oder handels- bzw. steuerrechtliche Gr\u00fcnde nicht m\u00f6glich ist, kann eine Einschr\u00e4nkung der Verarbeitung der Daten auf Wunsch des Betroffenen erfolgen. F\u00fcr die Wahrnehmung des Rechtes ist die Schriftform erforderlich.<\/p>\n<h2><strong>Das Recht des Betroffenen auf Daten\u00fcbertragbarkeit<\/strong><\/h2>\n<p>Das Unternehmen stellt das Recht auf Daten\u00fcbertragbarkeit gem. Art. 20 DSGVO sicher. Jeder Betroffene hat das Recht eine Kopie seiner personenbezogenen Daten in einem \u00fcblichen maschinenlesbaren Dateiformat zu erhalten.<\/p>\n<h2><strong>Bekenntnis zur Datensicherheit<\/strong><\/h2>\n<p>Ihre personenbezogenen Daten werden sicher aufbewahrt. Nur autorisierte Mitarbeiter, Vertreter und Auftragnehmer (die sich bereit erkl\u00e4rt haben, Informationen sicher und vertraulich zu behandeln) haben Zugang zu diesen Informationen. Alle E-Mails und Newsletter von dieser Website erm\u00f6glichen es Ihnen, sich von weiteren Mailings abzumelden<\/p>\n<h2><strong>Cookie-Richtlinie<\/strong><\/h2>\n<p>Cookie\/Tracking-Technologie: Diese Website kann je nach den angebotenen Funktionen Cookies und Tracking-Technologie verwenden. Cookies und Tracking-Technologie sind n\u00fctzlich, um Informationen wie Browsertyp und Betriebssystem zu sammeln, die Anzahl der Besucher auf der Website zu verfolgen und zu verstehen, wie Besucher die Website nutzen. Cookies k\u00f6nnen auch helfen, die Website f\u00fcr Besucher anzupassen. Personenbezogene Daten k\u00f6nnen nicht \u00fcber Cookies und andere Tracking-Technologien erfasst werden. Wenn Sie jedoch zuvor personenbezogene Daten angegeben haben, k\u00f6nnen Cookies mit diesen Daten verkn\u00fcpft sein. Zusammengefasste<\/p>\n<p>Cookie- und Tracking-Informationen k\u00f6nnen an Dritte weitergegeben werden.<\/p>\n<p>Die Selbstdiagnose beh\u00e4lt sich das Recht vor, \u00c4nderungen an dieser Richtlinie vorzunehmen. Alle \u00c4nderungen an dieser Richtlinie werden ver\u00f6ffentlicht.<\/p>\n","protected":false},"excerpt":{"rendered":"<p>Datenschutzerkl\u00e4rung Unser Unternehmen nimmt den Schutz Ihrer personenbezogenen Daten sehr ernst. Wir m\u00f6chten, dass Sie wissen, wann wir welche Daten speichern und wie wir sie verwenden. Bei der Be- und Verarbeitung personenbezogener Daten richten wir uns nach den Vorgaben der EU-Datenschutz-Grundverordnung (DSGVO) und des Bundesdatenschutzgesetzes (BDSG). Verantwortlicher und Datenschutzbeauftragter Verantwortlicher f\u00fcr die Verarbeitung von personenbezogenen [&hellip;]<\/p>\n","protected":false},"author":7,"featured_media":0,"parent":0,"menu_order":0,"comment_status":"closed","ping_status":"closed","template":"","meta":[],"_links":{"self":[{"href":"https:\/\/selfdiagnostics.com\/de\/wp-json\/wp\/v2\/pages\/13291"}],"collection":[{"href":"https:\/\/selfdiagnostics.com\/de\/wp-json\/wp\/v2\/pages"}],"about":[{"href":"https:\/\/selfdiagnostics.com\/de\/wp-json\/wp\/v2\/types\/page"}],"author":[{"embeddable":true,"href":"https:\/\/selfdiagnostics.com\/de\/wp-json\/wp\/v2\/users\/7"}],"replies":[{"embeddable":true,"href":"https:\/\/selfdiagnostics.com\/de\/wp-json\/wp\/v2\/comments?post=13291"}],"version-history":[{"count":2,"href":"https:\/\/selfdiagnostics.com\/de\/wp-json\/wp\/v2\/pages\/13291\/revisions"}],"predecessor-version":[{"id":14221,"href":"https:\/\/selfdiagnostics.com\/de\/wp-json\/wp\/v2\/pages\/13291\/revisions\/14221"}],"wp:attachment":[{"href":"https:\/\/selfdiagnostics.com\/de\/wp-json\/wp\/v2\/media?parent=13291"}],"curies":[{"name":"wp","href":"https:\/\/api.w.org\/{rel}","templated":true}]}}