{"id":10578,"date":"2017-04-26T07:21:28","date_gmt":"2017-04-26T07:21:28","guid":{"rendered":"http:\/\/selfdiagnostics.com\/wp\/?page_id=10578"},"modified":"2022-08-24T13:00:44","modified_gmt":"2022-08-24T10:00:44","slug":"privacy-policy","status":"publish","type":"page","link":"https:\/\/selfdiagnostics.com\/et\/privacy-policy\/","title":{"rendered":"Privaatsuspoliitika"},"content":{"rendered":"<h3>Selfdiagostics O\u00dc privaatsuspoliitika ja k\u00fcpsiste kasutamise tingimused<\/h3>\n<p><strong>\u00a0<\/strong><\/p>\n<ol>\n<li><strong> \u00dclds\u00e4tted<\/strong><\/li>\n<\/ol>\n<p>1.1. K\u00e4esolev privaatsuspoliitika reguleerib isikuandmete kogumist, t\u00f6\u00f6tlemist ja s\u00e4ilitamist k\u00e4sitlevaid p\u00f5him\u00f5tteid. Isikuandmeid kogub t\u00f6\u00f6tleb ja s\u00e4ilitab isikuandmete vastutav t\u00f6\u00f6tleja Selfdiagnostics O\u00dc (edaspidi andmet\u00f6\u00f6tleja).<\/p>\n<p>1.2. Andmesubjekt privaatsuspoliitika t\u00e4henduses on klient v\u00f5i muu f\u00fc\u00fcsiline isik, kelle isikuandmeid andmet\u00f6\u00f6tleja t\u00f6\u00f6tleb.<\/p>\n<p>1.3. Klient privaatsuspoliitika t\u00e4henduses on iga\u00fcks, kes ostab andmet\u00f6\u00f6tleja kodulehelt kaupu v\u00f5i teenuseid.<\/p>\n<p>1.4. Andmet\u00f6\u00f6tleja j\u00e4rgib \u00f5igusaktides s\u00e4testatud andmete t\u00f6\u00f6tlemise p\u00f5him\u00f5tteid, muuhulgas t\u00f6\u00f6tleb andmet\u00f6\u00f6tleja isikuandmeid seaduslikult, \u00f5iglaselt ja turvaliselt. Andmet\u00f6\u00f6tleja on v\u00f5imeline kinnitama, et isikuandmeid on t\u00f6\u00f6deldud vastavalt \u00f5igusaktides s\u00e4testatule.<\/p>\n<ol start=\"2\">\n<li><strong> Isikuandmete kogumine, t\u00f6\u00f6tlemine ja s\u00e4ilitamine<\/strong><\/li>\n<\/ol>\n<p>2.1. Isikuandmed, mida andmet\u00f6\u00f6tleja kogub, t\u00f6\u00f6tleb ja s\u00e4ilitab, on kogutud elektrooniliselt, peamiselt kodulehe ja e-posti vahendusel.<\/p>\n<p>2.2. Oma isikuandmete jagamisega annab andmesubjekt andmet\u00f6\u00f6tlejale \u00f5iguse koguda, korraldada, kasutada ja hallata privaatsuspoliitikas m\u00e4\u00e4ratletud eesm\u00e4rgil isikuandmeid, mida andmesubjekt otse v\u00f5i kaudselt kodulehel kaupu v\u00f5i teenuseid ostes andmet\u00f6\u00f6tlejale jagab.<\/p>\n<p>2.3. Andmesubjekt vastutab selle eest, et tema poolt esitatud andmed oleksid t\u00e4psed, \u00f5iged ja terviklikud. Teadlikult valeandmete esitamist peetakse privaatsuspoliitika rikkumiseks. Andmesubjekt on kohustatud andmet\u00f6\u00f6tlejat viivitamatult teavitama esitatud andmete muutumisest.<\/p>\n<p>2.4. Andmet\u00f6\u00f6tleja ei vastuta andmesubjekti poolt valeandmete esitamisest p\u00f5hjustatud kahju eest andmesubjektile v\u00f5i kolmandatele osapooltele.<\/p>\n<p>2.5. Kliendi eraldi antud n\u00f5usoleku alusel v\u00f5ib Selfdiagnostics.com otseturustuse korras edastada turunduslikke teadaandeid (uudiskiri, kampaaniapakkumised, loosimised, rahuloluk\u00fcsitlused vms) telefoni, e-posti, SMS-i ja teiste e-kanalite teel. Kliendil on \u00f5igus igal ajal n\u00f5usolek tagasi v\u00f5tta, samuti keelduda reklaamist ja pakkumistest, saates vastava teate e-postile\u00a0info@selfdiagnostics.com. Info reklaamist ja pakkumistest loobumise v\u00f5imaluse kohta on ka elektrooniliselt edastatud pakkumise v\u00f5i reklaami juures.<\/p>\n<p>&nbsp;<\/p>\n<ol start=\"3\">\n<li><strong> Klientide isikuandmete t\u00f6\u00f6tlemine<\/strong><\/li>\n<\/ol>\n<p>Andmete kogumise allikad: saame andmed sinult endalt ja l\u00e4bi sinu poolt teenuste kasutamise.<\/p>\n<p>3.1. Andmet\u00f6\u00f6tleja v\u00f5ib t\u00f6\u00f6delda j\u00e4rgnevaid andmesubjekti isikuandmeid:<\/p>\n<p>3.1.1. Ees- ja perekonnanimi;<\/p>\n<p>3.1.2. Telefoninumber;<\/p>\n<p>3.1.3. E-posti aadress;<\/p>\n<p>3.1.4. Kohaletoimetamise aadress;<\/p>\n<p>3.1.5. Arvelduskonto number;<\/p>\n<p>3.1.6. Maksekaardi detailid;<\/p>\n<p>3.1.7. Esindatava ettev\u00f5tte nimi;<\/p>\n<p>3.1.8. Muud andmed, mille oled ise teenuse osutamise k\u00e4igus meile avaldanud.<\/p>\n<p>3.2. Lisaks eeltoodule on andmet\u00f6\u00f6tlejal \u00f5igus koguda kliendi kohta andmeid, mis on k\u00e4ttesaadavad avalikes registrites.<\/p>\n<p>3.3. Isikuandmete t\u00f6\u00f6tlemise \u00f5iguslik alus on isikuandmete kaitse \u00fcldm\u00e4\u00e4ruse paragrahv 6 lg 1 p-d a), b), c) ja f).<\/p>\n<ol>\n<li>a) andmesubjekt on andnud n\u00f5usoleku t\u00f6\u00f6delda oma isikuandmeid \u00fchel v\u00f5i mitmel konkreetsel eesm\u00e4rgil;<\/li>\n<li>b) isikuandmete t\u00f6\u00f6tlemine on vajalik andmesubjekti osalusel s\u00f5lmitud lepingu t\u00e4itmiseks v\u00f5i lepingu s\u00f5lmimisele eelnevate meetmete v\u00f5tmiseks vastavalt andmesubjekti taotlusele;<\/li>\n<li>c) isikuandmete t\u00f6\u00f6tlemine on vajalik vastutava t\u00f6\u00f6tleja juriidilise kohustuse t\u00e4itmiseks;<\/li>\n<li>f) isikuandmete t\u00f6\u00f6tlemine on vajalik vastutava t\u00f6\u00f6tleja v\u00f5i kolmanda isiku \u00f5igustatud huvi korral, v\u00e4lja arvatud juhul, kui sellise huvi kaaluvad \u00fcles andmesubjekti huvid v\u00f5i p\u00f5hi\u00f5igused ja -vabadused, mille nimel tuleb kaitsta isikuandmeid, eriti juhul kui andmesubjekt on laps.<\/li>\n<\/ol>\n<p>3.4. Isikuandmete t\u00f6\u00f6tlemine vastavalt t\u00f6\u00f6tlemise eesm\u00e4rgile:<\/p>\n<p>3.4.1. T\u00f6\u00f6tlemise eesm\u00e4rk \u2013 julgeolek ja turvalisus<br \/>\nIsikuandmete s\u00e4ilitamise maksimaalne aeg \u2013 vastavalt seaduses nimetatud t\u00e4htaegadele<\/p>\n<p>3.4.2. T\u00f6\u00f6tlemise eesm\u00e4rk \u2013 tellimuse t\u00f6\u00f6tlemine<br \/>\nIsikuandmete s\u00e4ilitamise maksimaalne aeg \u2013 7 aastat.<\/p>\n<p>3.4.3. T\u00f6\u00f6tlemise eesm\u00e4rk \u2013 e-poe teenuste toimimise tagamine<br \/>\nIsikuandmete s\u00e4ilitamise maksimaalne aeg \u2013\u00a07 aastat<strong>.<\/strong><\/p>\n<p>3.4.4. T\u00f6\u00f6tlemise eesm\u00e4rk \u2013 kliendihaldus<br \/>\nIsikuandmete s\u00e4ilitamise maksimaalne aeg \u2013 7 aastat.<\/p>\n<p>3.4.5. T\u00f6\u00f6tlemise eesm\u00e4rk \u2013 finantstegevus, raamatupidamine<br \/>\nIsikuandmete s\u00e4ilitamise maksimaalne aeg \u2013 vastavalt seaduses nimetatud t\u00e4htaegadele<\/p>\n<p>3.4.6. T\u00f6\u00f6tlemise eesm\u00e4rk \u2013 turundus<br \/>\nIsikuandmete s\u00e4ilitamise maksimaalne aeg \u2013\u00a07 aastat v\u00f5i kuni isik esitab soovi olla unustatud.<strong> \u00a0<\/strong><\/p>\n<p>3.5. Andmet\u00f6\u00f6tlejal on \u00f5igus klientide isikuandmeid jagada kolmandate isikutega, kelleks on n\u00e4iteks volitatud andmet\u00f6\u00f6tlejad, raamatupidajad, transpordi- ja kullerettev\u00f5tted, \u00fclekandeteenuseid pakkuvad ettev\u00f5tted Andmet\u00f6\u00f6tleja on isikuandmete vastutav t\u00f6\u00f6tleja. Andmet\u00f6\u00f6tleja edastab maksete teostamiseks vajalikud isikuandmed volitatud t\u00f6\u00f6tleja Everypay ASile.<\/p>\n<p>3.6. Andmesubjekti isikuandmete t\u00f6\u00f6tlemisel ja s\u00e4ilitamisel rakendab andmet\u00f6\u00f6tleja organisatoorseid ja tehnilisi meetmeid, mis tagavad isikuandmete kaitse juhusliku v\u00f5i ebaseadusliku h\u00e4vitamise, muutmise, avalikustamise ja mis tahes muu ebaseadusliku t\u00f6\u00f6tlemise eest.<\/p>\n<p>3.7. Andmet\u00f6\u00f6tleja s\u00e4ilitab andmesubjektide andmeid s\u00f5ltuvalt t\u00f6\u00f6tlemise eesm\u00e4rgist, kuid mitte kauem kui\u00a0<strong>10 <\/strong>aastat.<\/p>\n<ol start=\"4\">\n<li><strong> Andmesubjekti \u00f5igused<\/strong><\/li>\n<\/ol>\n<p>4.1. Andmesubjektil on \u00f5igus saada ligip\u00e4\u00e4s oma isikuandmetele ning nendega tutvuda.<\/p>\n<p>4.2. Andmesubjektil on \u00f5igus saada informatsiooni tema isikuandmete t\u00f6\u00f6tlemise kohta.<\/p>\n<p>4.3. Andmesubjektil on \u00f5igus t\u00e4iendada v\u00f5i parandada ebat\u00e4pseid andmeid.<\/p>\n<p>4.4. Kui andmet\u00f6\u00f6tleja t\u00f6\u00f6tleb andmesubjekti isikuandmeid andmesubjekti n\u00f5usoleku alusel, siis on andmesubjektil \u00f5igus igal ajal n\u00f5usolek tagasi v\u00f5tta.<\/p>\n<p>4.5. Andmesubjekt saab \u00f5iguste teostamiseks p\u00f6\u00f6rduda e-poe klienditoe poole aadressil info@selfdiagnostics.com.<\/p>\n<p>4.6. Andmesubjektil on oma \u00f5iguste kaitseks v\u00f5imalik esitada kaebus Andmekaitse Inspektsioonile.<\/p>\n<ol start=\"5\">\n<li><strong> L\u00f5pps\u00e4tted<\/strong><\/li>\n<\/ol>\n<p>5.1. K\u00e4esolevad andmekaitsetingimused on koostatud koosk\u00f5las Euroopa Parlamendi ja n\u00f5ukogu m\u00e4\u00e4rusega (EL) nr 2016\/679 f\u00fc\u00fcsiliste isikute kaitse kohta isikuandmete t\u00f6\u00f6tlemisel ja selliste andmete vaba liikumise ning direktiivi 95\/46 \/ E\u00dc kehtetuks tunnistamise kohta \/ E\u00dc (isikuandmete kaitse \u00fcldm\u00e4\u00e4rus), Eesti Vabariigi isikuandmete kaitse seadusega ning Eesti Vabariigi ja Euroopa Liidu \u00f5igusaktidega.<\/p>\n<p>5.2. Andmet\u00f6\u00f6tlejal on \u00f5igus andmekaitsetingimusi osaliselt v\u00f5i t\u00e4ielikult muuta, teavitades andmesubjekte muudatustest kodulehe <a href=\"mailto:info@selfdiagnostics.com\">info@selfdiagnostics.com<\/a> kaudu.<\/p>\n<p>&nbsp;<\/p>\n<p>&nbsp;<\/p>\n<p><strong>Selfdiagnostics.com e-poe k\u00fcpsiste kasutamistingimused<\/strong><\/p>\n<p>Selfdiagnostics.com e-poe k\u00fcpsiste kasutustingimused kirjeldavad erinevaid k\u00fcpsiste t\u00fc\u00fcpe, mida veebilehega seoses kasutatakse. Selfdiagnostics.com veebilehe omanikuks ja haldajaks on Selfdiagnostics O\u00dc aadressil Veerenni 40a, Tallinn, 10138, tel 623 1236 ja e-kiri <a href=\"mailto:info@selfdiagnostics.com\">info[at]selfdiagnostics.com<\/a>. K\u00fcsimuste korral v\u00f5tke meiega \u00fchendust info[at]selfdiagnostics.com.<\/p>\n<ol>\n<li><strong> Mis on k\u00fcpsis?<\/strong><\/li>\n<\/ol>\n<p><strong><em>K\u00fcpsised<\/em><\/strong>\u00a0<strong><em>(cookies)<\/em><\/strong><strong><em>\u00a0<\/em><\/strong><em>v<\/em>\u00f5imaldavad meil s\u00e4ilitada Sinu arvutis v\u00e4ikesemahulisi andmeid saidi k\u00fclastamise kohta. K\u00fcpsiste \u00fclesanne on aidata veebisaitidel toimida paremini ja t\u00f5husamalt \u2013 n\u00e4iteks Sind \u00e4ra tundes ja m\u00e4letades informatsiooni, mis teeb Sinu jaoks veebisaidi kasutamise mugavamaks.<\/p>\n<p><strong><em>Esimese ja kolmanda osapoole k\u00fcpsised<\/em><\/strong><\/p>\n<p>Veebilehitseja laadib k\u00fcpsised alla, kui k\u00fclastad saiti esmakordselt. J\u00e4rgmisel korral, kui k\u00fclastad saiti samast seadmest, saadetakse k\u00fcpsis ja selles talletavad informatsioon tagasi selle loonud saidile (<strong><em>esimese osapoole k\u00fcpsis<\/em><\/strong>) v\u00f5i m\u00f5nele muule veebisaidile, millele see kuulub (<strong><em>kolmanda osapoole k\u00fcpsis<\/em><\/strong>).<\/p>\n<p>Kolmandate osapoolte k\u00fcpsised paigaldatakse juhul, kui oled nende lehtedele sisse loginud ja k\u00fclastad meie saiti. Meil ei ole m\u00f5juv\u00f5imu nende veebisaitide k\u00fcpsiste s\u00e4tete \u00fcle. Kui keeldud k\u00f5ikide k\u00fcpsiste kasutamisest, ei kasutata esimese ega kolmanda osapoole k\u00fcpsiseid.<\/p>\n<p><strong><em>P\u00fcsi- ja seansik\u00fcpsised<\/em><\/strong><\/p>\n<p>S\u00f5ltuvalt kestusest tehakse vahet \u201ep\u00fcsik\u00fcpsistel\u201c ja \u201eseansik\u00fcpsistel\u201c.<\/p>\n<p><strong><em>P\u00fcsik\u00fcpsis<\/em><\/strong>\u00a0on Sinu arvutis talletatav k\u00fcpsis, kuni see kaotab kehtivuse v\u00f5i kui Sa selle kustutad.<\/p>\n<p><strong><em>Seansik\u00fcpsis<\/em><\/strong>\u00a0kustutatakse aga juba siis, kui sulged veebilehitseja.<\/p>\n<ol start=\"2\">\n<li><strong> Kuidas haldan k\u00fcpsiseid?<\/strong><\/li>\n<\/ol>\n<p><strong><em>Keeldumine k\u00fcpsiste kasutamisest<\/em><\/strong><\/p>\n<p>Sul on v\u00f5imalus n\u00f5ustuda k\u00fcpsiste kasutamisega, mis v\u00f5imaldab Sul piiranguteta kasutada saidi k\u00fclastamisel k\u00f5iki funktsioone. Kui keeldud rangelt vajalike k\u00fcpsiste kasutamisest, v\u00f5ib see m\u00f5jutada Sinu kasutajakogemust ja funktsionaalsust saidi k\u00fclastamisel. Kui keeldud k\u00f5ikide k\u00fcpsiste kasutamisest, deaktiveeritakse nii esimese kui kolmanda osapoole k\u00fcpsised. Peale selle kustutatakse ka esimese osapoole k\u00fcpsised, kuid me ei saa kustutada kolmandate osapoolte k\u00fcpsiseid.<\/p>\n<p><strong><em>K\u00fcpsiste deaktiveerimine ja\/v\u00f5i kustutamine veebilehitseja kaudu<\/em><\/strong><\/p>\n<p>Teise v\u00f5imalusena ja\/v\u00f5i lisaks saad k\u00fcpsiste s\u00e4tteid muuta oma veebilehitsejas. K\u00fcpsiste s\u00e4tted leiad oma veebilehitseja \u201et\u00f6\u00f6riistade\u201c, \u201evalikute\u201c v\u00f5i \u201eeelistuste\u201c alt.<\/p>\n<ol start=\"3\">\n<li><strong> Millist liiki k\u00fcpsiseid kasutame?<\/strong><\/li>\n<\/ol>\n<p>J\u00e4rgnevalt on loetletud erinevat t\u00fc\u00fcpi k\u00fcpsised, mida nii meie kui kolmandad osapooled saidil kasutame:\u00a0rangelt vajalikud k\u00fcpsised, j\u00f5udlusk\u00fcpsised, funktsionaalsed k\u00fcpsised, suunatud k\u00fcpsised ja sotsiaalmeediak\u00fcpsised.<\/p>\n<p><strong>Rangelt vajalikud k\u00fcpsised<\/strong>: rangelt vajalikud k\u00fcpsised tagavad funktsioonid, ilma milleta ei saaks Sa saiti kasutada.<\/p>\n<p><strong>J\u00f5udlusk\u00fcpsised<\/strong>: k\u00fcpsiseid kasutatakse selleks, et saaksime statistilist informatsiooni meie saidi j\u00f5udluse kohta (nt k\u00fclastuste arvutamine ja liiklusallikad).<\/p>\n<p><strong>Funktsionaalsed k\u00fcpsised<\/strong>: need k\u00fcpsised v\u00f5imaldavad saidil meeles pidada Sinu otsuseid ja pakkuda t\u00e4iustatud ning personaalsemaid funktsioone. Siia kategooriasse v\u00f5ivad kuuluda ka kolmandate osapoolte k\u00fcpsised.<\/p>\n<p><strong>Suunatud k\u00fcpsised:<\/strong>\u00a0\u00a0k\u00fcpsised koguvad informatsiooni Sinu tegevuste kohta antud saidil ning teistel saitidel, et pakkuda Sulle suunatud reklaame. K\u00f5iki neid k\u00fcpsiseid haldavad teised ettev\u00f5tted, mille t\u00f6\u00f6riistu Sa nende t\u00f5kestamiseks kasutada saad.<\/p>\n<p><strong>Sotsiaalmeediak\u00fcpsised:<\/strong>\u00a0\u00a0sotsiaalmeediak\u00fcpsised koguvad informatsiooni sotsiaalmeedia kasutamise kohta, et luua Sinu profiili.<\/p>\n<p>J\u00e4rgnevas tabelis on esitatud nimekiri k\u00f5ikidest erinevatest k\u00fcpsiset\u00fc\u00fcpidest, mida nii meie kui kolmandad osapooled saidil kasutame.<\/p>\n<p>Vajalikud<\/p>\n<table>\n<tbody>\n<tr>\n<td width=\"160\">wc_cart_hash_#<\/td>\n<td width=\"441\">Salvestab k\u00fclastaja ostukorvi sisu k\u00fcpsisena.<\/td>\n<\/tr>\n<tr>\n<td width=\"160\">wc_fragments_#<\/td>\n<td width=\"441\">Salvestab k\u00fclastaja e-poe sisselogimise informatsiooni.<\/td>\n<\/tr>\n<tr>\n<td width=\"160\">elementor<\/td>\n<td width=\"441\">Kasutatakse seoses lehe WordPressi teemaga ja sisu muutmisega reaalajas.<\/td>\n<\/tr>\n<tr>\n<td width=\"160\">njt_gdpr_allow_permissions<\/td>\n<td width=\"441\">Salvestab k\u00fcpsiste n\u00f5usoleku. Kestvus : 365 p\u00e4eva<\/td>\n<\/tr>\n<\/tbody>\n<\/table>\n<p>Eelistused<\/p>\n<table>\n<tbody>\n<tr>\n<td width=\"205\">sessioonik\u00fcpsis<\/td>\n<td width=\"441\">Sessioonik\u00fcpsiseid ehk ajutised k\u00fcpsised &#8211; kasutatakse iga kord, kui meie veebilehte k\u00fclastad ja need kustutatakse p\u00e4rast veebilehitseja sulgemist. Neid kasutatakse n\u00e4iteks ostukorvi sisu meelde j\u00e4tmiseks.<\/td>\n<\/tr>\n<tr>\n<td width=\"205\">Has_js<\/td>\n<td width=\"441\">Kontrollib ja j\u00e4tab meelde, kas javascript on brauseris lubatud.<\/p>\n<p>Kestvus: sessioon.<\/td>\n<\/tr>\n<tr>\n<td width=\"205\">_sharethis_cookie_test_<\/p>\n<p>&nbsp;<\/td>\n<td width=\"441\">Kasutatakse kontrollimiseks, kas kasutaja veebilehitseja toetab k\u00fcpsiste kasutamist Kestvus: sessioon.<\/td>\n<\/tr>\n<tr>\n<td width=\"205\">id_visitor_lang_js<\/td>\n<td width=\"441\">Salvestab keele-eelistuse<\/p>\n<p>Kestvus: p\u00fcsiv.<\/td>\n<\/tr>\n<tr>\n<td width=\"205\">wpml_browser_redirect_test<\/td>\n<td width=\"441\">Salvestab keele-eelistuse.<\/td>\n<\/tr>\n<tr>\n<td width=\"205\">wp-wpml_current_language<\/p>\n<p>&nbsp;<\/td>\n<td width=\"441\">Viib veebilehe kasutaja otse sobiva mitmekeelse sisu juurde vastavalt veebilehitseja keelele.<\/p>\n<p>Kestvus: 1 p\u00e4ev.<\/td>\n<\/tr>\n<\/tbody>\n<\/table>\n<p>&nbsp;<\/p>\n<p>Statistika<\/p>\n<table>\n<tbody>\n<tr>\n<td width=\"205\">_ga<\/td>\n<td width=\"441\">Kasutatakse Google Analytics nimelise funktsionaalsuse t\u00f6\u00f6s. Registreerib k\u00fclastaja unikaalse identiteedi. Kasutatakse statistika kogumiseks eesm\u00e4rgiga anal\u00fc\u00fcsida, kuidas k\u00fclastaja veebilehte kasutab.<\/p>\n<p><a href=\"https:\/\/www.google.com\/policies\/technologies\/cookies\/\" target=\"_blank\" rel=\"noopener\">https:\/\/www.google.com\/policies\/technologies\/cookies\/<\/a><\/p>\n<p>Kestvus: 2 aastat.<\/td>\n<\/tr>\n<tr>\n<td width=\"205\">_gat<\/td>\n<td width=\"441\">Kasutatakse Google Analytics\u2019i t\u00f6\u00f6s veebikogemuse kiirendamiseks.<\/p>\n<p>Kestvus: sessioon.<\/td>\n<\/tr>\n<tr>\n<td width=\"205\">_gid<\/td>\n<td width=\"441\">Kasutatakse Google Analytics t\u00f6\u00f6s. Registreerib k\u00fclastaja unikaalse identiteedi. Kasutatakse statistika kogumiseks veebiliikluse anal\u00fc\u00fcsimisel.<\/p>\n<p>Kestvus: sessioon.<\/td>\n<\/tr>\n<tr>\n<td width=\"205\">vuid (vimeo.com)<\/p>\n<p>&nbsp;<\/td>\n<td width=\"441\">Kogub andmeid kasutaja k\u00fclastuste kohta sellel veebilehel, nt milliseid lehti on loetud. Kestvus: 2 aastat.<\/td>\n<\/tr>\n<\/tbody>\n<\/table>\n<p>Turundus<\/p>\n<table>\n<tbody>\n<tr>\n<td width=\"205\">Fbp<\/td>\n<td width=\"441\">Kasutatakse Facebooki t\u00f6\u00f6s. Peamine k\u00fcpsis, mis aitab v\u00e4lja t\u00f6\u00f6tada sobivamaid reklaamipakkumisi.<\/p>\n<p>Facebooki k\u00fcpsiste tingimustega saad tutvuda:\u00a0<a href=\"https:\/\/www.facebook.com\/policies\/cookies\/\" target=\"_blank\" rel=\"noopener\">https:\/\/www.facebook.com\/policies\/cookies\/<\/a><\/p>\n<p>Kestvus: 3 kuud.<\/td>\n<\/tr>\n<tr>\n<td width=\"205\">Fr<\/td>\n<td width=\"441\">Kasutatakse Facebooki t\u00f6\u00f6s. Peamine k\u00fcpsis, mis aitab v\u00e4lja t\u00f6\u00f6tada sobivamaid reklaamipakkumisi.<\/p>\n<p>Facebooki k\u00fcpsiste tingimustega saad tutvuda:\u00a0<a href=\"https:\/\/www.facebook.com\/policies\/cookies\/\" target=\"_blank\" rel=\"noopener\">https:\/\/www.facebook.com\/policies\/cookies\/<\/a><\/p>\n<p>Kestvus: 3 kuud.<\/td>\n<\/tr>\n<tr>\n<td width=\"205\">Tr<\/td>\n<td width=\"441\">Kasutatakse Facebooki t\u00f6\u00f6s. Peamine k\u00fcpsis, mis aitab v\u00e4lja t\u00f6\u00f6tada sobivamaid reklaamipakkumisi.<\/p>\n<p>Facebooki k\u00fcpsiste tingimustega saad tutvuda:\u00a0<a href=\"https:\/\/www.facebook.com\/policies\/cookies\/\" target=\"_blank\" rel=\"noopener\">https:\/\/www.facebook.com\/policies\/cookies\/<\/a><\/p>\n<p>Kestvus: 3 kuud.<\/td>\n<\/tr>\n<\/tbody>\n<\/table>\n<ol start=\"4\">\n<li><strong>Muudatused infos<\/strong><\/li>\n<\/ol>\n<p>Meil on \u00f5igus k\u00fcpsiste poliitikat alati muuta. Veebilehe k\u00fclastaja on kohustatud regulaarselt kontrollima k\u00e4esoleva lehek\u00fclje sisu, et tutvuda k\u00fcpsistepoliitika uuenduste v\u00f5i muudatustega.<\/p>\n<p>&nbsp;<\/p>\n        <form action=\"\" method=\"POST\" class=\"njt-gdpr-privacy-settings-frm\">\r\n            <table>\r\n                <thead>\r\n                    <tr>\r\n                        <th>Name<\/th>\r\n                        <th>Description<\/th>\r\n                        <th>Enable ?<\/th>\r\n                    <\/tr>\r\n                <\/thead>\r\n                <tbody>\r\n                    <tr>\r\n                        <td>Cookie<\/td>\r\n                        <td>We use cookies to provide a personalised experience for our users.<\/td>\r\n                        <td><input type=\"checkbox\" name=\"s[]\" value=\"cookie\"  \/><\/td>\r\n                    <\/tr>\r\n                    <tr>\r\n                        <td>Facebook Pixel<\/td>\r\n                        <td>Third party service for managing advertisement activities related to the resource via Facebook<\/td>\r\n                        <td><input type=\"checkbox\" name=\"s[]\" value=\"fb\"  \/><\/td>\r\n                    <\/tr>\r\n                    <tr>\r\n                        <td>Google Analytics<\/td>\r\n                        <td>Used for aggregated statistics to improve user experience on the resource.<\/td>\r\n                        <td><input type=\"checkbox\" name=\"s[]\" value=\"gg\"  \/><\/td>\r\n                    <\/tr>\r\n                <\/tbody>\r\n            <\/table>\r\n            <button type=\"button\" class=\"njt-gdpr-privacy-settings-btn\">Save Changes<\/button>\r\n        <\/form>\r\n        <script type=\"text\/javascript\">\r\n            jQuery(document).ready(function($) {\r\n                $('.njt-gdpr-privacy-settings-btn').on('click', function(event) {\r\n                    var frm = $(this).closest('form');\r\n                    var s = [];\r\n                    $.each(frm.find('input[name^=\"s\"]'), function(index, el) {\r\n                        if ($(el).prop('checked')) {\r\n                            s.push($(el).val());\r\n                        }\r\n                    });\r\n                    $.ajax({\r\n                        url: 'https:\/\/selfdiagnostics.com\/wp-admin\/admin-ajax.php',\r\n                        type: 'POST',\r\n                        data: {\r\n                            action: 'njt_gdpr_save_privacy_settings',\r\n                            s: s\r\n                        },\r\n                    })\r\n                    .done(function(json) {\r\n                        if (json.success) {\r\n                            alert('Success');\r\n                            location.reload();\r\n                        } else {\r\n                            alert(json.data.mess);\r\n                        }\r\n                    })\r\n                    .fail(function() {\r\n                        alert('Please refresh and try again.');\r\n                    });\r\n                    return false;\r\n                });\r\n            });\r\n        <\/script>\r\n        \n","protected":false},"excerpt":{"rendered":"<p>Selfdiagostics O\u00dc privaatsuspoliitika ja k\u00fcpsiste kasutamise tingimused \u00a0 \u00dclds\u00e4tted 1.1. K\u00e4esolev privaatsuspoliitika reguleerib isikuandmete kogumist, t\u00f6\u00f6tlemist ja s\u00e4ilitamist k\u00e4sitlevaid p\u00f5him\u00f5tteid. Isikuandmeid kogub t\u00f6\u00f6tleb ja s\u00e4ilitab isikuandmete vastutav t\u00f6\u00f6tleja Selfdiagnostics O\u00dc (edaspidi andmet\u00f6\u00f6tleja). 1.2. Andmesubjekt privaatsuspoliitika t\u00e4henduses on klient v\u00f5i muu f\u00fc\u00fcsiline isik, kelle isikuandmeid andmet\u00f6\u00f6tleja t\u00f6\u00f6tleb. 1.3. Klient privaatsuspoliitika t\u00e4henduses on iga\u00fcks, kes ostab andmet\u00f6\u00f6tleja [&hellip;]<\/p>\n","protected":false},"author":7,"featured_media":0,"parent":0,"menu_order":0,"comment_status":"closed","ping_status":"closed","template":"","meta":[],"_links":{"self":[{"href":"https:\/\/selfdiagnostics.com\/et\/wp-json\/wp\/v2\/pages\/10578"}],"collection":[{"href":"https:\/\/selfdiagnostics.com\/et\/wp-json\/wp\/v2\/pages"}],"about":[{"href":"https:\/\/selfdiagnostics.com\/et\/wp-json\/wp\/v2\/types\/page"}],"author":[{"embeddable":true,"href":"https:\/\/selfdiagnostics.com\/et\/wp-json\/wp\/v2\/users\/7"}],"replies":[{"embeddable":true,"href":"https:\/\/selfdiagnostics.com\/et\/wp-json\/wp\/v2\/comments?post=10578"}],"version-history":[{"count":27,"href":"https:\/\/selfdiagnostics.com\/et\/wp-json\/wp\/v2\/pages\/10578\/revisions"}],"predecessor-version":[{"id":17406,"href":"https:\/\/selfdiagnostics.com\/et\/wp-json\/wp\/v2\/pages\/10578\/revisions\/17406"}],"wp:attachment":[{"href":"https:\/\/selfdiagnostics.com\/et\/wp-json\/wp\/v2\/media?parent=10578"}],"curies":[{"name":"wp","href":"https:\/\/api.w.org\/{rel}","templated":true}]}}