{"id":10588,"date":"2017-04-26T07:29:17","date_gmt":"2017-04-26T07:29:17","guid":{"rendered":"http:\/\/selfdiagnostics.com\/wp\/?page_id=10588"},"modified":"2021-04-09T15:22:44","modified_gmt":"2021-04-09T12:22:44","slug":"terms-conditions","status":"publish","type":"page","link":"https:\/\/selfdiagnostics.com\/et\/terms-conditions\/","title":{"rendered":"M\u00fc\u00fcgitingimused"},"content":{"rendered":"<p><strong>TEENUSE OSUTAMISE JA ISIKUANDMETE T\u00d6\u00d6TLEMISE TINGIMUSED<\/strong><\/p>\n<p>Selfdiagnostics.com veebipoe haldaja Selfdiagnostics O\u00dc\u00a0 (registrikood 11488192) asukohaga A. Lauteri 5, Tallinn, 10114, tel 660 4742 ja e-kiri\u00a0<a href=\"mailto:info@selfdiagnostics.com\">info[at]selfdiagnostics.com<\/a>\u00a0(edaspidi nimetatud\u00a0<strong>Teenuse osutaja<\/strong>), ja klient, kes vormistab Selfdiagnostics.com veebipoes tellimuse ning identifitseerib end sisestades tellimusele oma isikuandmed (edaspidi nimetatud\u00a0<strong>Ostja<\/strong>), s\u00f5lmivad k\u00e4esoleva Selfdiagnostics.com kasutuslepingu (edaspidi nimetatud Kasutusleping).<\/p>\n<ol>\n<li><strong> VEEBIPOOD<\/strong><\/li>\n<\/ol>\n<p>1.1. Selfdiagnostics.com on veebipood, mille vahendusel toimub toodete m\u00fc\u00fck Ostjale.<\/p>\n<ol start=\"2\">\n<li><strong> \u00dcLDS\u00c4TTED<\/strong><\/li>\n<\/ol>\n<p>2.1. Lepingupooled juhinduvad omavaheliste suhete reguleerimisel v\u00f5la\u00f5igusseadusest, teistest Eesti Vabariigi seadustest ja muudest \u00f5igusaktidest ning Kasutuslepingus kokkulepitust.<\/p>\n<p>2.2. Teenuse osutajal on \u00f5igus mistahes ajal teha pakutavasse Selfdiagnostics.com teenusesse muudatusi.<\/p>\n<p>2.3. Teenuse osutajal on \u00f5igus \u00fchepoolselt muuta Kasutuslepingu tingimusi, ilma et tal oleks kohustus teatada sellest Ostjale.<\/p>\n<p>2.4. Ostja kinnitab, et ta on v\u00e4hemalt 18-aastane ning et ta on teov\u00f5imeline ja tema teov\u00f5imet ei ole piiratud.<\/p>\n<p>&nbsp;<\/p>\n<ol start=\"3\">\n<li><strong> TELLIMUSE VORMISTAMINE<\/strong><\/li>\n<\/ol>\n<p>Kauba tellimiseks tuleb lisada soovitud tooted ostukorvi. Tellimuse vormistamiseks tuleb t\u00e4ita no\u0303utud andmev\u00e4ljad ning valida sobiv toodete kohaletoimetamise viis. Seej\u00e4rel kuvatakse ekraanile tasu suurus, mille saab tasuda turvaliselt l\u00e4bi j\u00e4rgnevate makseviiside:<\/p>\n<ul>\n<li>Eesti pangalingid: Swedbank, SEB, Luminor, LHV, Coop Pank, Pocopay<\/li>\n<li>Visa\/Mastercard kaardimaksed<\/li>\n<\/ul>\n<p>NB! Pangalingiga tasumisel vajutada kindlasti panga lehel nupule \u201eTagasi kaupmehe juurde\u201c.<\/p>\n<p>Makseid vahendab\u00a0<a href=\"http:\/\/www.maksekeskus.ee\" target=\"_blank\" rel=\"noopener\">Everypay<\/a> AS. Tasumine toimub v\u00e4ljaspool Veebipoodi turvalises keskkonnas \u2013 pangalingiga tasumisel vastava panga turvalises keskkonnas ja krediitkaardiga tasumisel Everypay AS turvalises keskkonnas. M\u00fc\u00fcjal puudub ligip\u00e4\u00e4s kliendi panga ja krediitkaardi andmetele. Leping jo\u0303ustub alates tasumisele kuuluva summa laekumisest Veebipoe arvelduskontole.<\/p>\n<p>Veebipoe omanik on isikuandmete vastutav t\u00f6\u00f6tleja ning edastab maksete teostamiseks vajalikud isikuandmed volitatud t\u00f6\u00f6tleja Everypay AS-le.<\/p>\n<p>Kui tellitud kaupa ei ole vo\u0303imalik tarnida seoses kauba lo\u0303ppemisega vo\u0303i muul po\u0303hjusel, teavitatakse sellest ostjat esimesel vo\u0303imalusel ning tagastatakse tasutud raha (sh kauba k\u00e4ttetoimetamise kulud) viivitamata, kuid mitte hiljem kui 14 p\u00e4eva jooksul teate saatmisest.<\/p>\n<p>&nbsp;<\/p>\n<ol start=\"4\">\n<li><strong> TOOTED JA OSTU SOORITAMINE<\/strong><\/li>\n<\/ol>\n<p>4.1.Kuvatavate toodete juurde on reeglina m\u00e4rgitud, kas kaup on laos, otsas v\u00f5i on seda v\u00f5imalik tellida. Selfdiagnostics.com kuvatud toodete saadavus v\u00f5ib muutuda tehniliste probleemide t\u00f5ttu lao v\u00f5i Selfdiagnostics.com programmides.<\/p>\n<p>4.2. Kui toode puudub laost ning tellimust ei ole v\u00f5imalik t\u00e4ita, siis v\u00f5tab Selfdiagnostics.com t\u00f6\u00f6taja Ostjaga \u00fchendust, pakub v\u00e4lja v\u00f5imaliku uue tarneaja v\u00f5i toote asendamise samav\u00e4\u00e4rse teise tootega, mis on sama hinna ja kvaliteediga, v\u00f5i tagastab raha Ostjale. Raha tagastatakse hiljemalt neljateist (14) kalendrip\u00e4eva jooksul tellimuse t\u00fchistamisest.<\/p>\n<p>4.3. Selfdiagnostics.com poes kuvatud tootepildid on illustratiivse t\u00e4hendusega ning v\u00f5ivad erineda tegelikust tootest. Selfdiagnostics.com poes olevad tootekirjeldused ei ole ammendavad ja v\u00f5ivad sisaldada tahtmatuid vigu.<\/p>\n<p>4.4. Ostja valib v\u00e4lja soovitud tooted, sisestab tellimuse t\u00e4itmiseks n\u00f5utud andmed: eesnimi, perekonnanimi, kontakttelefon, elektronposti aadress, k\u00e4ttetoimetamise viis ja aadress, postiindeks, ettev\u00f5tte nimi (kui on vajalik)\u00a0ning tasub toote eest valitud viisil (pangalink v\u00f5i panga\u00fclekanne).<\/p>\n<p>4.5.Ostja avaldab ja kinnitab, et ta soovib ja n\u00f5ustub maksma kogu toote ostuhinna enne Teenuse osutajapoolset tellimuse t\u00e4itmist. Kui Ostja valib tasumiseks maksmise pangalingi kaudu, siis kohustub Ostja koheselt tellimuse vormistamise k\u00e4igus pangalingi kaudu toote ostuhinna \u00e4ra tasuma. Tellimus j\u00f5ustub alates tasumisele kuuluva summa laekumisest Veebipoe arvelduskontole.<\/p>\n<p>4.6. Tellimuse esitamisel Ostja kinnitab, et ta on teadlik ohtudest, mis v\u00f5ivad kaasneda toodete kasutamisega, vale hoiustamise v\u00f5i hooldusega v\u00f5i eba\u00f5ige k\u00e4sitlemisega ning v\u00f5tab vastutuse hilisemate mistahes meditsiiniliste otsuste v\u00f5i komplikatsioonide eest;<\/p>\n<p>4.7. Ostja kohustub esitama tellimuse vormistamisel t\u00f5esed andmed. Teenuse osutaja ei vastuta tellimuse t\u00e4itmisel Ostja poolt esitatud ebakorrektsetest andmetest tingitud tellimuse mitte t\u00e4itmise v\u00f5i mistahes sellest tulenevate tagaj\u00e4rgede eest.<\/p>\n<p>&nbsp;<\/p>\n<ol start=\"5\">\n<li><strong> HINNAD<\/strong><\/li>\n<\/ol>\n<p>5.1. K\u00f5ik Selfdiagnostics.com veebipoes olevad hinnad on eurodes ning sisaldavad k\u00e4ibemaksu. Hinnale lisandub\u00a0tasu kauba k\u00e4ttetoimetamise eest.<\/p>\n<p>5.2. Teenuse osutajal on \u00f5igus igal ajal muuta veebipoes kuvatavaid hindu. Kui Teenuse osutaja on muutnud hindu p\u00e4rast Ostja poolt tellimuse esitamist ja selle eest tasumist, siis kohustub Teenuse osutaja tarnima Ostjale vastavad tooted tellimuse hetkel kehtinud hindadega. Ostjal ei ole \u00f5igust n\u00f5uda hinnavahe kompenseerimist.<\/p>\n<p>&nbsp;<\/p>\n<ol start=\"6\">\n<li><strong> KOHALETOIMETAMINE<\/strong><\/li>\n<\/ol>\n<p>6.1. Kaupu saadetakse eestikeelselt lehelt ostetuna j\u00e4rgmistesse riikidesse: Eesti.<\/p>\n<p>6.2. Kauba k\u00e4ttetoimetamise tasu s\u00f5ltub ostja asukohast ning k\u00e4ttetoimetamise viisist. K\u00e4ttetoimetamise tasu kuvatakse ostjale tellimuse vormistamisel.<\/p>\n<p>6.3. Kauba saatmiskulud kannab ostja (kui ei ole m\u00e4rgitud teisiti) ning vastav hinnainfo on kuvatud saatmisviisi juures.<\/p>\n<p>6.4. Eesti sisesed saadetised j\u00f5uavad \u00fcldjuhul ostja m\u00e4\u00e4ratud sihtpunkti 2-4 t\u00f6\u00f6p\u00e4eva jooksul alates m\u00fc\u00fcgilepingu j\u00f5ustumisest.<\/p>\n<p>6.5. Erandlikel juhtumitel (toote juures on m\u00e4rge, et hetkel on kaup laost otsas ja tellimus t\u00e4idetakse kauba j\u00f5udmisel lattu) on \u00f5igus kaup kohale toimetada kuni 45 kalendrip\u00e4eva jooksul.<\/p>\n<p>6.6. Vastavalt Ostja soovile\u00a0on v\u00f5imalik tooted k\u00e4tte toimetada \u00fchel j\u00e4rgmistest viisidest:<\/p>\n<table width=\"600\">\n<tbody>\n<tr>\n<td>Itella SmartPost pakiautomaati<\/td>\n<td>TASUTA<\/td>\n<td>T\u00f6\u00f6p\u00e4eval enne 14.00 tehtud tellimuste\u00a0k\u00e4ttetoimetamine on j\u00e4rgmisel t\u00f6\u00f6p\u00e4eval.<\/p>\n<p>Reedel enne kella 14.00 tehtud tellimused j\u00f5uavad Itella pakiautomaati \u00fcldjuhul laup\u00e4eval.<\/td>\n<\/tr>\n<tr>\n<td>Omniva postkontor<\/td>\n<td>TASUTA<\/td>\n<td>T\u00f6\u00f6p\u00e4eval enne 14.00 tehtud tellimused j\u00f5uavad postkontorisse enamasti j\u00e4rgmisel t\u00f6\u00f6p\u00e4eval. Paki k\u00e4ttesaamise ajast teavitab sind seej\u00e4rel Omniva.<\/td>\n<\/tr>\n<tr>\n<td>Kulleriga k\u00e4tte (koju v\u00f5i kontorisse)<\/td>\n<td>5.50 \u20ac. Tasuta alates<\/p>\n<p>300 \u20ac<\/td>\n<td>T\u00f6\u00f6p\u00e4eval enne 10.00 tehtud tellimuste k\u00e4ttetoimetamine 1-2 t\u00f6\u00f6p\u00e4evaga<\/td>\n<\/tr>\n<tr>\n<td>AINULT TALLINNAS kiirkuller 4 tunniga<\/td>\n<td>5.90 \u20ac. Tasuta alates<\/p>\n<p>300 \u20ac<\/td>\n<td>Tellimus peab olema tehtud\u00a0t\u00f6\u00f6p\u00e4eval enne kella 14.00, siis on k\u00e4ttetoimetamine samal t\u00f6\u00f6p\u00e4eval.<\/td>\n<\/tr>\n<\/tbody>\n<\/table>\n<p>&nbsp;<\/p>\n<ol start=\"7\">\n<li><strong> PRETENSIOONI ESITAMISE \u00d5IGUS JA TAGASTAMINE<\/strong><\/li>\n<\/ol>\n<p>7.1.\u00a0Teenuse osutaja vastutab Ostjale m\u00fc\u00fcdud kauba lepingutingimustele mittevastavuse v\u00f5i puuduse eest, mis oli olemas juba asja \u00fcleandmise hetkel ning mis ilmneb kuni tootele m\u00e4rgitud s\u00e4ilivusaja l\u00f5puni.<\/p>\n<p>7.2. Ostjal on \u00f5igus puuduse ilmnemisel p\u00f6\u00f6rduda hiljemalt kahe kuu jooksul Teenuse osutaja poole, saates e-kirja aadressile info[at]selfdiagnostics.com v\u00f5i helistades\u00a0telefonil: +372 660 4742.<\/p>\n<p>7.3. Teenuse osutaja ei vastuta puuduste eest, mis on tekkinud p\u00e4rast kauba \u00fcleandmist Ostjale (toote hoidmine valel temperatuuril, kasutatud ebap\u00e4deva isiku poolt vms).<\/p>\n<p>7.4. Kui veebipoest ostetud kaubal on puudused, mille eest Teenuse osutaja vastutab, parandab v\u00f5i asendab Teenuse osutaja puudusega kauba. Kui kaupa ei ole v\u00f5imalik parandada ega asendada, tagastab Teenuse osutaja Ostjale k\u00f5ik m\u00fc\u00fcgilepinguga kaasnenud tasud.<\/p>\n<p>7.5. Teenuse osutaja vastab Ostja esitatud kaebusele kirjalikult v\u00f5i kirjalikku taasesitamist v\u00f5imaldavas vormis 7 t\u00f6\u00f6p\u00e4eva jooksul.<\/p>\n<p>7.6. V\u00f5la\u00f5igusseaduse \u00a7 53 l\u00f5ike 4 punkt 41 tulenevalt ei kuulu tagastamisele puudusteta Tooted, kuna Tooted kuuluvad hoidmisel rangelt kindlaksm\u00e4\u00e4ratud temperatuuril ning h\u00fcgieenikaalutlustel ei tohi pakend olla avatud. Erandiks on olukord, kui<\/p>\n<p>a)pakend on saanud kahjustada transpordi k\u00e4igus ning toote k\u00e4ttesaamisel kullerteenuse vahendusel v\u00f5i postiasutuses on tehtud vastav m\u00e4rge saatelehele v\u00f5i<\/p>\n<p>b)pakiautomaati saabunud kauba vastuv\u00f5tmisel oled viivitamatult teatanud Selfdiagnostics.com e-posti aadressile\u00a0<a href=\"mailto:info@selfdiagnostics.com\">info@selfdiagnostics.com<\/a><u> v\u00f5i telefonil <\/u>+372 660 4742 , et saabunud kaup on vigastatud pakendiga.<\/p>\n","protected":false},"excerpt":{"rendered":"<p>TEENUSE OSUTAMISE JA ISIKUANDMETE T\u00d6\u00d6TLEMISE TINGIMUSED Selfdiagnostics.com veebipoe haldaja Selfdiagnostics O\u00dc\u00a0 (registrikood 11488192) asukohaga A. Lauteri 5, Tallinn, 10114, tel 660 4742 ja e-kiri\u00a0info[at]selfdiagnostics.com\u00a0(edaspidi nimetatud\u00a0Teenuse osutaja), ja klient, kes vormistab Selfdiagnostics.com veebipoes tellimuse ning identifitseerib end sisestades tellimusele oma isikuandmed (edaspidi nimetatud\u00a0Ostja), s\u00f5lmivad k\u00e4esoleva Selfdiagnostics.com kasutuslepingu (edaspidi nimetatud Kasutusleping). VEEBIPOOD 1.1. Selfdiagnostics.com on veebipood, mille [&hellip;]<\/p>\n","protected":false},"author":7,"featured_media":0,"parent":0,"menu_order":0,"comment_status":"closed","ping_status":"closed","template":"","meta":[],"_links":{"self":[{"href":"https:\/\/selfdiagnostics.com\/et\/wp-json\/wp\/v2\/pages\/10588"}],"collection":[{"href":"https:\/\/selfdiagnostics.com\/et\/wp-json\/wp\/v2\/pages"}],"about":[{"href":"https:\/\/selfdiagnostics.com\/et\/wp-json\/wp\/v2\/types\/page"}],"author":[{"embeddable":true,"href":"https:\/\/selfdiagnostics.com\/et\/wp-json\/wp\/v2\/users\/7"}],"replies":[{"embeddable":true,"href":"https:\/\/selfdiagnostics.com\/et\/wp-json\/wp\/v2\/comments?post=10588"}],"version-history":[{"count":11,"href":"https:\/\/selfdiagnostics.com\/et\/wp-json\/wp\/v2\/pages\/10588\/revisions"}],"predecessor-version":[{"id":16111,"href":"https:\/\/selfdiagnostics.com\/et\/wp-json\/wp\/v2\/pages\/10588\/revisions\/16111"}],"wp:attachment":[{"href":"https:\/\/selfdiagnostics.com\/et\/wp-json\/wp\/v2\/media?parent=10588"}],"curies":[{"name":"wp","href":"https:\/\/api.w.org\/{rel}","templated":true}]}}